{"id":5,"date":"2024-09-29T13:09:07","date_gmt":"2024-09-29T13:09:07","guid":{"rendered":"https:\/\/agjb.stefanfejfar.p01.wpspace.partners\/?page_id=5"},"modified":"2025-01-22T08:19:11","modified_gmt":"2025-01-22T08:19:11","slug":"forum","status":"publish","type":"page","link":"https:\/\/agjb.stefanfejfar.p01.wpspace.partners\/?page_id=5","title":{"rendered":"agjb"},"content":{"rendered":"\t\t<div data-elementor-type=\"wp-page\" data-elementor-id=\"5\" class=\"elementor elementor-5\">\n\t\t\t\t<div class=\"elementor-element elementor-element-65f8294a e-flex e-con-boxed e-con e-parent\" data-id=\"65f8294a\" data-element_type=\"container\" data-e-type=\"container\">\n\t\t\t\t\t<div class=\"e-con-inner\">\n\t\t\t\t<div class=\"elementor-element elementor-element-a646b05 elementor-widget elementor-widget-text-editor\" data-id=\"a646b05\" data-element_type=\"widget\" data-e-type=\"widget\" data-widget_type=\"text-editor.default\">\n\t\t\t\t<div class=\"elementor-widget-container\">\n\t\t\t\t\t\t\t\t\t<h2>\u00dcber die <strong>agjb<\/strong><\/h2><p>Die <strong>agjb<\/strong> ist die Landesarbeitsgemeinschaft der gemeindlichen Jugendarbeit in Bayern. Wir vertreten die Fachkr\u00e4fte der Jugendarbeit in kreisangeh\u00f6rigen St\u00e4dten und Gemeinden, deren T\u00e4tigkeitsprofil Aufgaben der Gemeindejugendarbeit umfasst. Die Arbeitsgemeinschaft ist als gemeinn\u00fctziger Verein seit dem Jahr 1990 eingetragen<\/p><p>Wir vertreten die Interessen der Fachkr\u00e4fte gegen\u00fcber dem BJR, politischen Entscheidungstr\u00e4gern und insgesamt nach au\u00dfen hin. <br \/>In diesem Jahr werden wir wieder <strong>Mentorate f\u00fcr Berufsanf\u00e4nger*innen<\/strong> anbieten, die <strong>Landestagung der Gemeindejugendpfleger*innen<\/strong> veranstalten, die Inhalte der <strong>j\u00e4hrlichen Fortbildung in Gauting<\/strong> setzen und daneben die <strong>Bezirksfachtagungen<\/strong> organisieren. <br \/>Eine <strong>\u00dcberarbeitung der Standards f\u00fcr das Arbeitsfeld der Gemeindejugendpflege<\/strong> in Bayern steht aktuell an; der Proze\u00df wurde zusammen mit dem BJR bereits initiiert.<br \/>Mitgliedern der agjb e.V. steht es offen sich an all diesen Aktivit\u00e4ten zu beteiligen und somit <strong>ma\u00dfgeblich das Arbeitsfeld der gemeindlichen Jugendarbeit in Bayern mitzugestalten<\/strong>.<br \/>Des Weiteren haben unsere <strong>Mitglieder exklusiv die M\u00f6glichkeit<\/strong> sich vor einer allgemeinen Ver\u00f6ffentlichung <strong>Teilnehmerpl\u00e4tze bei Tagungen und anderen Veranstaltungen<\/strong> des Arbeitsfelds zu sichern. Es gibt einmal im Jahr eine <strong>Mitgliederversammlung in festlichem Rahmen<\/strong>, angegliedert an die Landestagung. Die agjb e.V. bietet ihren Vereinsmitgliedern zudem eine <strong>rechtl. Erstberatung<\/strong> durch eine Anwaltskanzlei. Und nicht zuletzt nat\u00fcrlich ein <strong>gesch\u00fctzter Mitgliederbereich auf der Homepage<\/strong>, der eine Plattform f\u00fcr kollegialen <strong>Austausch, Beratung und Vernetzung<\/strong> darstellt.<\/p><p><u>Gemeindliche Jugendarbeit in Bayern<\/u><\/p><p>(Gemeindejugendpflege)<\/p><p>Die kreisangeh\u00f6rigen Gemeinden leisten mit ihrer Kinder- und Jugendarbeit einen unverzichtbaren Beitrag zum Aufbau und zum Erhalt eines lebendigen Gemeinwesens, in dem Kinder und Jugendliche ihren festen Platz haben.<\/p><p>Die kreisangeh\u00f6rigen Kommunen \u2013 nicht nur die gr\u00f6\u00dferen St\u00e4dte und Gemeinden (sub)urbaner Pr\u00e4gung, sondern auch die kleinen und mittleren Gemeinden im l\u00e4ndlichen Raum \u2013 haben einen wichtigen Anteil an einem zentralen gesellschaftlichen Auftrag:<\/p><p>Ihnen obliegt im Rahmen aktiver Jugendpolitik die Gestaltung guter Rahmenbedingungen f\u00fcr das Aufwachsen und Heranwachsen der jungen Generation vor Ort, damit Kinder und Jugendliche in ihrer Heimatgemeinde positive Lebensbedingungen und eine lebenswerte Umwelt vorfinden. <br \/>Mehr denn je wird auch durch die prognostizierte demografische Entwicklung eine gut entwickelte soziale Infrastruktur f\u00fcr Kinder, Jugendliche und Familien ein wichtiger \u201eharter Standortfaktor\u201c f\u00fcr zukunftsf\u00e4hige Kommunen sein.<\/p><p><strong>Grundlagen<\/strong><\/p><p>Auftrag und Art des Engagements der Gemeinden im Bereich der Kommunalen Jugendpolitik sind in den Bestimmungen der Bayerischen Gemeindeordnung (Art. 57, Abs. 1 GO) sowie im Gesetz zur Ausf\u00fchrung der Sozialgesetze (Art. 30 AGSG) definiert. Den Kommunen wird damit ein hohes Ma\u00df an politischer Verantwortung und Entscheidungskompetenz f\u00fcr die \u00f6rtlichen Angebote der Jugendarbeit zuerkannt.<\/p><p><strong>Verpflichtung<\/strong><\/p><p>Analog zu der verpflichtenden Teilleistung des jeweils \u00f6rtlichen Tr\u00e4gers haben kreisangeh\u00f6rige Gemeinden \u2013 unter Beratung und Unterst\u00fctzung durch die Kommunale Jugendarbeit \u2013 eine gleichgeartete Verpflichtung in ihrem Zust\u00e4ndigkeitsbereich. Dementsprechend haben die kreisangeh\u00f6rigen Gemeinden vorrangig daf\u00fcr Sorge zu tragen, dass rechtzeitig und ausreichend erforderliche und geeignete Einrichtungen, Dienste und<br \/>Veranstaltungen der Jugendarbeit vor Ort zur Verf\u00fcgung stehen.<\/p><p><strong>Zielsetzungen \u2013 Planungen \u2013 Planungsgrundlagen<\/strong><\/p><p>Vorrangiges Planungsinstrument f\u00fcr die Jugendarbeit in den kreisangeh\u00f6rigen Gemeinden ist die jeweils \u00f6rtliche Jugendhilfeplanung im Teilbereich Jugendarbeit, die sich an der Jugendhilfeplanung des jeweils \u00f6rtlichen Tr\u00e4gers (kreisfreie St\u00e4dte und Landkreise) orientieren bzw. mit diesem abgestimmt sein sollte (vgl.5.1.4).<\/p><p>Dabei gilt der Grundsatz der Subsidiarit\u00e4t. So sind beispielsweise Jugendr\u00e4ume oder Jugendtreffs in allen Gemeinden in zumutbarer Entfernung zur Verf\u00fcgung zu stellen, da Jugendheime und Jugendr\u00e4ume der laufenden Arbeit der Jugendgruppen am Ort dienen.<\/p><p>Sie sollen in jeder Gemeinde und in jedem gr\u00f6\u00dferen Ortsteil vorhanden sein.<\/p><p>Auch in kleineren Gemeinden sollen R\u00e4ume f\u00fcr die offene Jugendarbeit (Jugendtreffs) zur Verf\u00fcgung stehen. Dar\u00fcber hinaus ist die Einrichtung von Jugendfreizeitst\u00e4tten<\/p><p>(z. B. Bolzpl\u00e4tze, Skateranlagen, usw.) von besonderer Bedeutung.<\/p><p><strong>Struktur, Inhalte, Methoden<\/strong><\/p><p>Struktur und Angebot gemeindlicher Jugendarbeit sind \u2013 entsprechend Gr\u00f6\u00dfe und Pr\u00e4gung der kreisangeh\u00f6rigen Gemeinden \u2013 sehr ausdifferenziert: Das Spektrum reicht von kleinen und l\u00e4ndlichen Gemeinden, welche von einem hohen Integrationsgrad von Kindern und Jugendlichen in die Jugendarbeit freier Tr\u00e4ger gepr\u00e4gt sind, bis hin zu gr\u00f6\u00dferen, st\u00e4dtisch gepr\u00e4gten Gemeinden, die zus\u00e4tzlich zum vorhandenen Angebot eine eigene Angebotsstruktur mit eigenen hauptberuflichen Fachkr\u00e4ften der Jugendarbeit erfordern.<\/p><p>W\u00e4hrend es in kleinen Gemeinden ausreichend sein kann, das vorhandene Angebot freier Tr\u00e4ger durch die Bereitstellung von finanziellen Mitteln, R\u00e4umen oder Personal zu f\u00f6rdern, sollte in gr\u00f6\u00dferen Gemeinden eine eigene ausdifferenzierte Angebotsstruktur geschaffen werden. Die Gestaltungsm\u00f6glichkeiten hierbei sind vielf\u00e4ltig und reichen von gemeindeeigenen Ferienprogrammen, \u00fcber die Schaffung eigener Einrichtungen der offenen Kinder- und Jugendarbeit mit p\u00e4dagogischem Fachpersonal bis hin zu eigener Mobiler Jugendarbeit und Streetwork in (sub)urbanen Gemeinden.<\/p><p>Um diese komplexe Aufgabe ziel- und planungsorientiert an den \u00f6rtlichen Bedarfen ausrichten zu k\u00f6nnen, muss eine jugendpolitische Struktur mit Beteiligungsm\u00f6glichkeiten f\u00fcr Kinder und Jugendliche gew\u00e4hrleistet sein, die geeignet ist, die \u00f6rtlich relevanten Akteurinnen und Akteure miteinander zu vernetzen.<\/p><p>\u00a0<\/p>\t\t\t\t\t\t\t\t<\/div>\n\t\t\t\t<\/div>\n\t\t\t\t\t<\/div>\n\t\t\t\t<\/div>\n\t\t\t\t<\/div>\n\t\t","protected":false},"excerpt":{"rendered":"<p>\u00dcber die agjb Die agjb ist die Landesarbeitsgemeinschaft der gemeindlichen Jugendarbeit in Bayern. Wir vertreten die Fachkr\u00e4fte der Jugendarbeit in kreisangeh\u00f6rigen St\u00e4dten und Gemeinden, deren T\u00e4tigkeitsprofil Aufgaben der Gemeindejugendarbeit umfasst. Die Arbeitsgemeinschaft ist als gemeinn\u00fctziger Verein seit dem Jahr 1990 eingetragen Wir vertreten die Interessen der Fachkr\u00e4fte gegen\u00fcber dem BJR, politischen Entscheidungstr\u00e4gern und insgesamt nach [&hellip;]<\/p>\n","protected":false},"author":2,"featured_media":93,"parent":0,"menu_order":0,"comment_status":"closed","ping_status":"closed","template":"","meta":{"_acf_changed":false,"footnotes":""},"class_list":["post-5","page","type-page","status-publish","has-post-thumbnail","hentry"],"acf":[],"_links":{"self":[{"href":"https:\/\/agjb.stefanfejfar.p01.wpspace.partners\/index.php?rest_route=\/wp\/v2\/pages\/5","targetHints":{"allow":["GET"]}}],"collection":[{"href":"https:\/\/agjb.stefanfejfar.p01.wpspace.partners\/index.php?rest_route=\/wp\/v2\/pages"}],"about":[{"href":"https:\/\/agjb.stefanfejfar.p01.wpspace.partners\/index.php?rest_route=\/wp\/v2\/types\/page"}],"author":[{"embeddable":true,"href":"https:\/\/agjb.stefanfejfar.p01.wpspace.partners\/index.php?rest_route=\/wp\/v2\/users\/2"}],"replies":[{"embeddable":true,"href":"https:\/\/agjb.stefanfejfar.p01.wpspace.partners\/index.php?rest_route=%2Fwp%2Fv2%2Fcomments&post=5"}],"version-history":[{"count":7,"href":"https:\/\/agjb.stefanfejfar.p01.wpspace.partners\/index.php?rest_route=\/wp\/v2\/pages\/5\/revisions"}],"predecessor-version":[{"id":164,"href":"https:\/\/agjb.stefanfejfar.p01.wpspace.partners\/index.php?rest_route=\/wp\/v2\/pages\/5\/revisions\/164"}],"wp:featuredmedia":[{"embeddable":true,"href":"https:\/\/agjb.stefanfejfar.p01.wpspace.partners\/index.php?rest_route=\/wp\/v2\/media\/93"}],"wp:attachment":[{"href":"https:\/\/agjb.stefanfejfar.p01.wpspace.partners\/index.php?rest_route=%2Fwp%2Fv2%2Fmedia&parent=5"}],"curies":[{"name":"wp","href":"https:\/\/api.w.org\/{rel}","templated":true}]}}