{"id":325,"date":"2025-03-13T15:52:59","date_gmt":"2025-03-13T15:52:59","guid":{"rendered":"https:\/\/agjb.stefanfejfar.p01.wpspace.partners\/?page_id=325"},"modified":"2025-04-16T09:04:52","modified_gmt":"2025-04-16T09:04:52","slug":"agjb_main","status":"publish","type":"page","link":"https:\/\/agjb.stefanfejfar.p01.wpspace.partners\/","title":{"rendered":"agjb_main"},"content":{"rendered":"\t\t<div data-elementor-type=\"wp-page\" data-elementor-id=\"325\" class=\"elementor elementor-325\">\n\t\t\t\t<div class=\"elementor-element elementor-element-e1eb213 e-flex e-con-boxed e-con e-parent\" data-id=\"e1eb213\" data-element_type=\"container\" data-e-type=\"container\">\n\t\t\t\t\t<div class=\"e-con-inner\">\n\t\t\t\t<div class=\"elementor-element elementor-element-959ee9c animated-slow elementor-invisible elementor-widget elementor-widget-image\" data-id=\"959ee9c\" data-element_type=\"widget\" data-e-type=\"widget\" data-settings=\"{&quot;_animation&quot;:&quot;zoomIn&quot;}\" data-widget_type=\"image.default\">\n\t\t\t\t<div class=\"elementor-widget-container\">\n\t\t\t\t\t\t\t\t\t\t\t\t\t\t\t<img fetchpriority=\"high\" decoding=\"async\" width=\"768\" height=\"548\" src=\"https:\/\/agjb.stefanfejfar.p01.wpspace.partners\/wp-content\/uploads\/2025\/04\/agjb_logo_oransch-768x548.png\" class=\"attachment-medium_large size-medium_large wp-image-602\" alt=\"\" srcset=\"https:\/\/agjb.stefanfejfar.p01.wpspace.partners\/wp-content\/uploads\/2025\/04\/agjb_logo_oransch-768x548.png 768w, https:\/\/agjb.stefanfejfar.p01.wpspace.partners\/wp-content\/uploads\/2025\/04\/agjb_logo_oransch-300x214.png 300w, https:\/\/agjb.stefanfejfar.p01.wpspace.partners\/wp-content\/uploads\/2025\/04\/agjb_logo_oransch.png 886w\" sizes=\"(max-width: 768px) 100vw, 768px\" \/>\t\t\t\t\t\t\t\t\t\t\t\t\t\t\t<\/div>\n\t\t\t\t<\/div>\n\t\t\t\t\t<\/div>\n\t\t\t\t<\/div>\n\t\t<div class=\"elementor-element elementor-element-68ca4bd e-flex e-con-boxed e-con e-parent\" data-id=\"68ca4bd\" data-element_type=\"container\" data-e-type=\"container\">\n\t\t\t\t\t<div class=\"e-con-inner\">\n\t\t\t\t<div class=\"elementor-element elementor-element-6cef1ed elementor-widget elementor-widget-text-editor\" data-id=\"6cef1ed\" data-element_type=\"widget\" data-e-type=\"widget\" data-widget_type=\"text-editor.default\">\n\t\t\t\t<div class=\"elementor-widget-container\">\n\t\t\t\t\t\t\t\t\t<p style=\"text-align: center;\"><span style=\"text-decoration: underline; color: #ff9d00;\"><strong>Arbeitsgemeinschaft der Gemeindlichen Jugendarbeit in Bayern e.V.<\/strong><\/span><\/p><p style=\"text-align: center;\"><span style=\"color: #ff9d00;\">Wir sind der Landesverband der Stadt- und Gemeindejugendarbeit in den kreisangeh\u00f6rigen St\u00e4dten, M\u00e4rkten und Gemeinden in Bayern<\/span><\/p><p style=\"text-align: center;\"><span style=\"color: #ff9d00;\">Diese Seite ist noch im Aufbau, Rest folgt \ud83d\ude42<\/span><\/p><h1 style=\"text-align: center;\"><span style=\"color: #ff9d00;\"><a style=\"color: #ff9d00;\" href=\"https:\/\/agjb.stefanfejfar.p01.wpspace.partners\/?page_id=2\">Aktuelles -&gt;<\/a><\/span><\/h1>\t\t\t\t\t\t\t\t<\/div>\n\t\t\t\t<\/div>\n\t\t\t\t\t<\/div>\n\t\t\t\t<\/div>\n\t\t\t\t<\/div>\n\t\t","protected":false},"excerpt":{"rendered":"<p>Arbeitsgemeinschaft der Gemeindlichen Jugendarbeit in Bayern e.V. Wir sind der Landesverband der Stadt- und Gemeindejugendarbeit in den kreisangeh\u00f6rigen St\u00e4dten, M\u00e4rkten und Gemeinden in Bayern Diese Seite ist noch im Aufbau, Rest folgt \ud83d\ude42 Aktuelles -&gt;<\/p>\n","protected":false},"author":2,"featured_media":327,"parent":0,"menu_order":0,"comment_status":"closed","ping_status":"closed","template":"elementor_canvas","meta":{"_acf_changed":false,"footnotes":""},"class_list":["post-325","page","type-page","status-publish","has-post-thumbnail","hentry"],"acf":[],"_links":{"self":[{"href":"https:\/\/agjb.stefanfejfar.p01.wpspace.partners\/index.php?rest_route=\/wp\/v2\/pages\/325","targetHints":{"allow":["GET"]}}],"collection":[{"href":"https:\/\/agjb.stefanfejfar.p01.wpspace.partners\/index.php?rest_route=\/wp\/v2\/pages"}],"about":[{"href":"https:\/\/agjb.stefanfejfar.p01.wpspace.partners\/index.php?rest_route=\/wp\/v2\/types\/page"}],"author":[{"embeddable":true,"href":"https:\/\/agjb.stefanfejfar.p01.wpspace.partners\/index.php?rest_route=\/wp\/v2\/users\/2"}],"replies":[{"embeddable":true,"href":"https:\/\/agjb.stefanfejfar.p01.wpspace.partners\/index.php?rest_route=%2Fwp%2Fv2%2Fcomments&post=325"}],"version-history":[{"count":52,"href":"https:\/\/agjb.stefanfejfar.p01.wpspace.partners\/index.php?rest_route=\/wp\/v2\/pages\/325\/revisions"}],"predecessor-version":[{"id":619,"href":"https:\/\/agjb.stefanfejfar.p01.wpspace.partners\/index.php?rest_route=\/wp\/v2\/pages\/325\/revisions\/619"}],"wp:featuredmedia":[{"embeddable":true,"href":"https:\/\/agjb.stefanfejfar.p01.wpspace.partners\/index.php?rest_route=\/wp\/v2\/media\/327"}],"wp:attachment":[{"href":"https:\/\/agjb.stefanfejfar.p01.wpspace.partners\/index.php?rest_route=%2Fwp%2Fv2%2Fmedia&parent=325"}],"curies":[{"name":"wp","href":"https:\/\/api.w.org\/{rel}","templated":true}]}}